{"id":2644,"date":"2022-02-13T00:01:54","date_gmt":"2022-02-13T00:01:54","guid":{"rendered":"https:\/\/h2oproekt.com\/shop\/uncategorized\/pvc-u-rigid-pipes-pn16\/"},"modified":"2025-09-26T11:38:17","modified_gmt":"2025-09-26T11:38:17","slug":"pvc-u-rigid-pipes-pn16","status":"publish","type":"product","link":"https:\/\/h2oproekt.com\/mk\/shop\/pvc-u-rigid-and-flexible-pipes\/pvc-u-rigid-pipes\/pvc-u-rigid-pipes-pn16\/","title":{"rendered":"\u041f\u0412\u0426-\u0423 \u0426\u0415\u0412\u041a\u0410 \u0421\u041e \u041c\u0423\u0424 PN16"},"content":{"rendered":"<table width=\"646\">\n<tbody>\n<tr>\n<td width=\"101\">\u0428\u0438\u0444\u0440\u0430<\/td>\n<td width=\"254\">\u041e\u043f\u0438\u0441<\/td>\n<td width=\"64\">(\u043c\u043c)<\/td>\n<td width=\"105\">\u0414\u0435\u0431\u0435\u043b\u0438\u043d\u0430 (\u043c\u043c)<\/td>\n<td width=\"122\">\u041d\u0435\u0442\u043e \u043c\u0430\u0441\u0430 (\u043a\u0433)<\/td>\n<\/tr>\n<tr>\n<td>16 bar<\/td>\n<td><\/td>\n<td><\/td>\n<td><\/td>\n<td><\/td>\n<\/tr>\n<tr>\n<td>R2016020<\/td>\n<td>\u041f\u0412\u0426-\u0423 \u0426\u0415\u0412\u041a\u0410 \u0421\u041e \u041c\u0423\u0424 PN16 \u00d8 20<\/td>\n<td>20<\/td>\n<td>1.5<\/td>\n<td><\/td>\n<\/tr>\n<tr>\n<td>R2016025<\/td>\n<td>\u041f\u0412\u0426-\u0423 \u0426\u0415\u0412\u041a\u0410 \u0421\u041e \u041c\u0423\u0424 PN16 \u00d8 25<\/td>\n<td>25<\/td>\n<td>1.9<\/td>\n<td>0.219<\/td>\n<\/tr>\n<tr>\n<td>R2016032<\/td>\n<td>\u041f\u0412\u0426-\u0423 \u0426\u0415\u0412\u041a\u0410 \u0421\u041e \u041c\u0423\u0424 PN16 \u00d8 32<\/td>\n<td>32<\/td>\n<td>2.4<\/td>\n<td>0.353<\/td>\n<\/tr>\n<tr>\n<td>R2016040<\/td>\n<td>\u041f\u0412\u0426-\u0423 \u0426\u0415\u0412\u041a\u0410 \u0421\u041e \u041c\u0423\u0424 PN16 \u00d8 40<\/td>\n<td>40<\/td>\n<td>3.0<\/td>\n<td>0.219<\/td>\n<\/tr>\n<tr>\n<td>R2016050<\/td>\n<td>\u041f\u0412\u0426-\u0423 \u0426\u0415\u0412\u041a\u0410 \u0421\u041e \u041c\u0423\u0424 PN16 \u00d8 50<\/td>\n<td>50<\/td>\n<td>3.7<\/td>\n<td>0.353<\/td>\n<\/tr>\n<tr>\n<td>R2016063<\/td>\n<td>\u041f\u0412\u0426-\u0423 \u0426\u0415\u0412\u041a\u0410 \u0421\u041e \u041c\u0423\u0424 PN16 \u00d8 63<\/td>\n<td>63<\/td>\n<td>4.7<\/td>\n<td>0.219<\/td>\n<\/tr>\n<tr>\n<td>R2016075<\/td>\n<td>\u041f\u0412\u0426-\u0423 \u0426\u0415\u0412\u041a\u0410 \u0421\u041e \u041c\u0423\u0424 PN16 \u00d8 75<\/td>\n<td>75<\/td>\n<td>5.6<\/td>\n<td>0.353<\/td>\n<\/tr>\n<tr>\n<td>R2016090<\/td>\n<td>\u041f\u0412\u0426-\u0423 \u0426\u0415\u0412\u041a\u0410 \u0421\u041e \u041c\u0423\u0424 PN16 \u00d8 90<\/td>\n<td>90<\/td>\n<td>6.7<\/td>\n<td>0.219<\/td>\n<\/tr>\n<tr>\n<td>R2016110<\/td>\n<td>\u041f\u0412\u0426-\u0423 \u0426\u0415\u0412\u041a\u0410 \u0421\u041e \u041c\u0423\u0424 PN16 \u00d8 110<\/td>\n<td>110<\/td>\n<td>6.6<\/td>\n<td>0.3531<\/td>\n<\/tr>\n<\/tbody>\n<\/table>","protected":false},"excerpt":{"rendered":"<p>Reference Description (mm) Thickness(mm) Net weight (kg) 16 bar R2016020 PVC-U Rigid Pipes PN16 \u00d8 20 20 1.5 R2016025 PVC-U Rigid Pipes PN16 \u00d8 25 25 1.9 0.219 R2016032 PVC-U Rigid Pipes PN16 \u00d8 32 32 2.4 0.353 R2016040 PVC-U &hellip; <a href=\"https:\/\/h2oproekt.com\/mk\/shop\/pvc-u-rigid-and-flexible-pipes\/pvc-u-rigid-pipes\/pvc-u-rigid-pipes-pn16\/\">Continued<\/a><\/p>","protected":false},"featured_media":2643,"comment_status":"open","ping_status":"closed","template":"","meta":[],"product_cat":[208],"product_tag":[],"yoast_head":"<!-- This site is optimized with the Yoast SEO plugin v22.1 - https:\/\/yoast.com\/wordpress\/plugins\/seo\/ -->\n<title>PVC-U RIGID PIPES PN16 - H2O Proekt<\/title>\n<meta name=\"description\" content=\"PVC-U RIGID PIPES PN16\" \/>\n<meta name=\"robots\" content=\"index, follow, max-snippet:-1, max-image-preview:large, max-video-preview:-1\" \/>\n<link rel=\"canonical\" href=\"https:\/\/h2oproekt.com\/mk\/shop\/pvc-u-rigid-and-flexible-pipes\/pvc-u-rigid-pipes\/pvc-u-rigid-pipes-pn16\/\" \/>\n<meta property=\"og:locale\" content=\"mk_MK\" \/>\n<meta property=\"og:type\" content=\"article\" \/>\n<meta property=\"og:title\" content=\"PVC-U RIGID PIPES PN16 - H2O Proekt\" \/>\n<meta property=\"og:description\" content=\"PVC-U RIGID PIPES PN16\" \/>\n<meta property=\"og:url\" content=\"https:\/\/h2oproekt.com\/mk\/shop\/pvc-u-rigid-and-flexible-pipes\/pvc-u-rigid-pipes\/pvc-u-rigid-pipes-pn16\/\" \/>\n<meta property=\"og:site_name\" content=\"H2O Proekt\" \/>\n<meta property=\"article:modified_time\" content=\"2025-09-26T11:38:17+00:00\" \/>\n<meta property=\"og:image\" content=\"https:\/\/h2oproekt.com\/wp-content\/uploads\/2022\/02\/R2016020-1.jpg\" \/>\n\t<meta property=\"og:image:width\" content=\"800\" \/>\n\t<meta property=\"og:image:height\" content=\"600\" \/>\n\t<meta property=\"og:image:type\" content=\"image\/jpeg\" \/>\n<meta name=\"twitter:card\" content=\"summary_large_image\" \/>\n<script type=\"application\/ld+json\" class=\"yoast-schema-graph\">{\"@context\":\"https:\/\/schema.org\",\"@graph\":[{\"@type\":\"WebPage\",\"@id\":\"https:\/\/h2oproekt.com\/shop\/pvc-u-rigid-and-flexible-pipes\/pvc-u-rigid-pipes\/pvc-u-rigid-pipes-pn16\/\",\"url\":\"https:\/\/h2oproekt.com\/shop\/pvc-u-rigid-and-flexible-pipes\/pvc-u-rigid-pipes\/pvc-u-rigid-pipes-pn16\/\",\"name\":\"PVC-U RIGID PIPES PN16 - H2O Proekt\",\"isPartOf\":{\"@id\":\"https:\/\/h2oproekt.com\/#website\"},\"datePublished\":\"2022-02-13T00:01:54+00:00\",\"dateModified\":\"2025-09-26T11:38:17+00:00\",\"description\":\"PVC-U RIGID PIPES PN16\",\"breadcrumb\":{\"@id\":\"https:\/\/h2oproekt.com\/shop\/pvc-u-rigid-and-flexible-pipes\/pvc-u-rigid-pipes\/pvc-u-rigid-pipes-pn16\/#breadcrumb\"},\"inLanguage\":\"mk-MK\",\"potentialAction\":[{\"@type\":\"ReadAction\",\"target\":[\"https:\/\/h2oproekt.com\/shop\/pvc-u-rigid-and-flexible-pipes\/pvc-u-rigid-pipes\/pvc-u-rigid-pipes-pn16\/\"]}]},{\"@type\":\"BreadcrumbList\",\"@id\":\"https:\/\/h2oproekt.com\/shop\/pvc-u-rigid-and-flexible-pipes\/pvc-u-rigid-pipes\/pvc-u-rigid-pipes-pn16\/#breadcrumb\",\"itemListElement\":[{\"@type\":\"ListItem\",\"position\":1,\"name\":\"H2oProekt\",\"item\":\"https:\/\/h2oproekt.com\/\"},{\"@type\":\"ListItem\",\"position\":2,\"name\":\"Products\",\"item\":\"https:\/\/h2oproekt.com\/shop\/\"},{\"@type\":\"ListItem\",\"position\":3,\"name\":\"PVC-U rigid and flexible pipes\",\"item\":\"https:\/\/h2oproekt.com\/product-category\/pvc-u-rigid-and-flexible-pipes\/\"},{\"@type\":\"ListItem\",\"position\":4,\"name\":\"PVC-U rigid pipes\",\"item\":\"https:\/\/h2oproekt.com\/product-category\/pvc-u-rigid-and-flexible-pipes\/pvc-u-rigid-pipes\/\"},{\"@type\":\"ListItem\",\"position\":5,\"name\":\"PVC-U RIGID PIPES PN16\"}]},{\"@type\":\"WebSite\",\"@id\":\"https:\/\/h2oproekt.com\/#website\",\"url\":\"https:\/\/h2oproekt.com\/\",\"name\":\"H2O Proekt\",\"description\":\"Water system project\",\"publisher\":{\"@id\":\"https:\/\/h2oproekt.com\/#organization\"},\"potentialAction\":[{\"@type\":\"SearchAction\",\"target\":{\"@type\":\"EntryPoint\",\"urlTemplate\":\"https:\/\/h2oproekt.com\/?s={search_term_string}\"},\"query-input\":\"required name=search_term_string\"}],\"inLanguage\":\"mk-MK\"},{\"@type\":\"Organization\",\"@id\":\"https:\/\/h2oproekt.com\/#organization\",\"name\":\"H2o ProekT\",\"url\":\"https:\/\/h2oproekt.com\/\",\"logo\":{\"@type\":\"ImageObject\",\"inLanguage\":\"mk-MK\",\"@id\":\"https:\/\/h2oproekt.com\/#\/schema\/logo\/image\/\",\"url\":\"https:\/\/h2oproekt.com\/wp-content\/uploads\/2022\/01\/H2O-Logo-website-latinica-pomalo.png\",\"contentUrl\":\"https:\/\/h2oproekt.com\/wp-content\/uploads\/2022\/01\/H2O-Logo-website-latinica-pomalo.png\",\"width\":200,\"height\":200,\"caption\":\"H2o ProekT\"},\"image\":{\"@id\":\"https:\/\/h2oproekt.com\/#\/schema\/logo\/image\/\"}}]}<\/script>\n<!-- \/ Yoast SEO plugin. -->","yoast_head_json":{"title":"PVC-U RIGID PIPES PN16 - H2O Proekt","description":"PVC-U RIGID PIPES PN16","robots":{"index":"index","follow":"follow","max-snippet":"max-snippet:-1","max-image-preview":"max-image-preview:large","max-video-preview":"max-video-preview:-1"},"canonical":"https:\/\/h2oproekt.com\/mk\/shop\/pvc-u-rigid-and-flexible-pipes\/pvc-u-rigid-pipes\/pvc-u-rigid-pipes-pn16\/","og_locale":"mk_MK","og_type":"article","og_title":"PVC-U RIGID PIPES PN16 - H2O Proekt","og_description":"PVC-U RIGID PIPES PN16","og_url":"https:\/\/h2oproekt.com\/mk\/shop\/pvc-u-rigid-and-flexible-pipes\/pvc-u-rigid-pipes\/pvc-u-rigid-pipes-pn16\/","og_site_name":"H2O Proekt","article_modified_time":"2025-09-26T11:38:17+00:00","og_image":[{"width":800,"height":600,"url":"https:\/\/h2oproekt.com\/wp-content\/uploads\/2022\/02\/R2016020-1.jpg","type":"image\/jpeg"}],"twitter_card":"summary_large_image","schema":{"@context":"https:\/\/schema.org","@graph":[{"@type":"WebPage","@id":"https:\/\/h2oproekt.com\/shop\/pvc-u-rigid-and-flexible-pipes\/pvc-u-rigid-pipes\/pvc-u-rigid-pipes-pn16\/","url":"https:\/\/h2oproekt.com\/shop\/pvc-u-rigid-and-flexible-pipes\/pvc-u-rigid-pipes\/pvc-u-rigid-pipes-pn16\/","name":"PVC-U RIGID PIPES PN16 - H2O Proekt","isPartOf":{"@id":"https:\/\/h2oproekt.com\/#website"},"datePublished":"2022-02-13T00:01:54+00:00","dateModified":"2025-09-26T11:38:17+00:00","description":"PVC-U RIGID PIPES PN16","breadcrumb":{"@id":"https:\/\/h2oproekt.com\/shop\/pvc-u-rigid-and-flexible-pipes\/pvc-u-rigid-pipes\/pvc-u-rigid-pipes-pn16\/#breadcrumb"},"inLanguage":"mk-MK","potentialAction":[{"@type":"ReadAction","target":["https:\/\/h2oproekt.com\/shop\/pvc-u-rigid-and-flexible-pipes\/pvc-u-rigid-pipes\/pvc-u-rigid-pipes-pn16\/"]}]},{"@type":"BreadcrumbList","@id":"https:\/\/h2oproekt.com\/shop\/pvc-u-rigid-and-flexible-pipes\/pvc-u-rigid-pipes\/pvc-u-rigid-pipes-pn16\/#breadcrumb","itemListElement":[{"@type":"ListItem","position":1,"name":"H2oProekt","item":"https:\/\/h2oproekt.com\/"},{"@type":"ListItem","position":2,"name":"Products","item":"https:\/\/h2oproekt.com\/shop\/"},{"@type":"ListItem","position":3,"name":"PVC-U rigid and flexible pipes","item":"https:\/\/h2oproekt.com\/product-category\/pvc-u-rigid-and-flexible-pipes\/"},{"@type":"ListItem","position":4,"name":"PVC-U rigid pipes","item":"https:\/\/h2oproekt.com\/product-category\/pvc-u-rigid-and-flexible-pipes\/pvc-u-rigid-pipes\/"},{"@type":"ListItem","position":5,"name":"PVC-U RIGID PIPES PN16"}]},{"@type":"WebSite","@id":"https:\/\/h2oproekt.com\/#website","url":"https:\/\/h2oproekt.com\/","name":"H2O Proekt","description":"Water system project","publisher":{"@id":"https:\/\/h2oproekt.com\/#organization"},"potentialAction":[{"@type":"SearchAction","target":{"@type":"EntryPoint","urlTemplate":"https:\/\/h2oproekt.com\/?s={search_term_string}"},"query-input":"required name=search_term_string"}],"inLanguage":"mk-MK"},{"@type":"Organization","@id":"https:\/\/h2oproekt.com\/#organization","name":"H2o ProekT","url":"https:\/\/h2oproekt.com\/","logo":{"@type":"ImageObject","inLanguage":"mk-MK","@id":"https:\/\/h2oproekt.com\/#\/schema\/logo\/image\/","url":"https:\/\/h2oproekt.com\/wp-content\/uploads\/2022\/01\/H2O-Logo-website-latinica-pomalo.png","contentUrl":"https:\/\/h2oproekt.com\/wp-content\/uploads\/2022\/01\/H2O-Logo-website-latinica-pomalo.png","width":200,"height":200,"caption":"H2o ProekT"},"image":{"@id":"https:\/\/h2oproekt.com\/#\/schema\/logo\/image\/"}}]}},"_links":{"self":[{"href":"https:\/\/h2oproekt.com\/mk\/wp-json\/wp\/v2\/product\/2644"}],"collection":[{"href":"https:\/\/h2oproekt.com\/mk\/wp-json\/wp\/v2\/product"}],"about":[{"href":"https:\/\/h2oproekt.com\/mk\/wp-json\/wp\/v2\/types\/product"}],"replies":[{"embeddable":true,"href":"https:\/\/h2oproekt.com\/mk\/wp-json\/wp\/v2\/comments?post=2644"}],"wp:featuredmedia":[{"embeddable":true,"href":"https:\/\/h2oproekt.com\/mk\/wp-json\/wp\/v2\/media\/2643"}],"wp:attachment":[{"href":"https:\/\/h2oproekt.com\/mk\/wp-json\/wp\/v2\/media?parent=2644"}],"wp:term":[{"taxonomy":"product_cat","embeddable":true,"href":"https:\/\/h2oproekt.com\/mk\/wp-json\/wp\/v2\/product_cat?post=2644"},{"taxonomy":"product_tag","embeddable":true,"href":"https:\/\/h2oproekt.com\/mk\/wp-json\/wp\/v2\/product_tag?post=2644"}],"curies":[{"name":"wp","href":"https:\/\/api.w.org\/{rel}","templated":true}]}}