{"id":1167,"date":"2022-01-17T21:42:14","date_gmt":"2022-01-17T21:42:14","guid":{"rendered":"https:\/\/h2oproekt.com\/product\/plain-flange-union-item-194\/"},"modified":"2022-02-16T23:54:19","modified_gmt":"2022-02-16T23:54:19","slug":"plain-flange-union-item-194","status":"publish","type":"product","link":"https:\/\/h2oproekt.com\/mk\/shop\/pvc-u-fitting\/pvc-u-flanges-and-adapters\/plain-flange-union-item-194\/","title":{"rendered":"\u041f\u0412\u0426-\u0423 \u041f\u0420\u0418\u0420\u0410\u0411\u041d\u0418\u0426\u0410 \u0421\u0415\u0422"},"content":{"rendered":"<div class=\"table-responsive\">\n<table class=\"table table-striped\">\n<thead class=\"thead-inverse\">\n<tr>\n<th align=\"left\" width=\"95\">\u0428\u0438\u0444\u0440\u0430<\/th>\n<th>\u041e\u043f\u0438\u0441<\/th>\n<th>\u041d\u0435\u0442\u043e \u043c\u0430\u0441\u0430 (\u043a\u0433)<\/th>\n<th>\u0412\u043e \u043a\u0443\u0442\u0438\u0458\u0430<\/th>\n<\/tr>\n<\/thead>\n<tbody>\n<tr>\n<td align=\"center\">\n<tr>\n<td align=\"center\">1010261<\/td>\n<td>\u041f\u0412\u0426-\u0423 \u041f\u0420\u0418\u0420\u0410\u0411\u041d\u0418\u0426\u0410 \u0421\u0415\u0422 \u00d8 63<\/td>\n<td align=\"center\">2.011<\/td>\n<td align=\"center\">1<\/td>\n<\/tr>\n<tr>\n<td align=\"center\">1010262<\/td>\n<td>\u041f\u0412\u0426-\u0423 \u041f\u0420\u0418\u0420\u0410\u0411\u041d\u0418\u0426\u0410 \u0421\u0415\u0422 \u00d8 75<\/td>\n<td align=\"center\">2.361<\/td>\n<td align=\"center\">1<\/td>\n<\/tr>\n<tr>\n<td align=\"center\">1010263<\/td>\n<td>\u041f\u0412\u0426-\u0423 \u041f\u0420\u0418\u0420\u0410\u0411\u041d\u0418\u0426\u0410 \u0421\u0415\u0422 \u00d8 90<\/td>\n<td align=\"center\">3.961<\/td>\n<td align=\"center\">1<\/td>\n<\/tr>\n<tr>\n<td align=\"center\">1010264<\/td>\n<td>\u041f\u0412\u0426-\u0423 \u041f\u0420\u0418\u0420\u0410\u0411\u041d\u0418\u0426\u0410 \u0421\u0415\u0422 \u00d8 110<\/td>\n<td align=\"center\">4.835<\/td>\n<td align=\"center\">1<\/td>\n<\/tr>\n<tr>\n<td align=\"center\">1010265<\/td>\n<td>\u041f\u0412\u0426-\u0423 \u041f\u0420\u0418\u0420\u0410\u0411\u041d\u0418\u0426\u0410 \u0421\u0415\u0422 \u00d8 125<\/td>\n<td align=\"center\">5.164<\/td>\n<td align=\"center\">1<\/td>\n<\/tr>\n<tr>\n<td align=\"center\">1010266<\/td>\n<td>\u041f\u0412\u0426-\u0423 \u041f\u0420\u0418\u0420\u0410\u0411\u041d\u0418\u0426\u0410 \u0421\u0415\u0422 \u00d8 140<\/td>\n<td align=\"center\">6.372<\/td>\n<td align=\"center\">1<\/td>\n<\/tr>\n<tr>\n<td align=\"center\">1010267<\/td>\n<td>\u041f\u0412\u0426-\u0423 \u041f\u0420\u0418\u0420\u0410\u0411\u041d\u0418\u0426\u0410 \u0421\u0415\u0422 \u00d8 160<\/td>\n<td align=\"center\">9.321<\/td>\n<td align=\"center\">1<\/td>\n<\/tr>\n<tr>\n<td align=\"center\">1010268<\/td>\n<td>\u041f\u0412\u0426-\u0423 \u041f\u0420\u0418\u0420\u0410\u0411\u041d\u0418\u0426\u0410 \u0421\u0415\u0422 \u00d8 200 \u041f\u041d10<\/td>\n<td align=\"center\">12.449<\/td>\n<td align=\"center\">1<\/td>\n<\/tr>\n<tr>\n<td align=\"center\">1010269<\/td>\n<td>\u041f\u0412\u0426-\u0423 \u041f\u0420\u0418\u0420\u0410\u0411\u041d\u0418\u0426\u0410 \u0421\u0415\u0422 \u00d8 225<\/td>\n<td align=\"center\">12.782<\/td>\n<td align=\"center\">1<\/td>\n<\/tr>\n<tr>\n<td align=\"center\">1010270<\/td>\n<td>\u041f\u0412\u0426-\u0423 \u041f\u0420\u0418\u0420\u0410\u0411\u041d\u0418\u0426\u0410 \u0421\u0415\u0422 \u00d8 250<\/td>\n<td align=\"center\">19.999<\/td>\n<td align=\"center\">1<\/td>\n<\/tr>\n<tr>\n<td align=\"center\">1010271<\/td>\n<td>\u041f\u0412\u0426-\u0423 \u041f\u0420\u0418\u0420\u0410\u0411\u041d\u0418\u0426\u0410 \u0421\u0415\u0422 \u00d8 315<\/td>\n<td align=\"center\">24.590<\/td>\n<td align=\"center\">1<\/td>\n<\/tr>\n<tr>\n<td align=\"center\">1010272<\/td>\n<td>\u041f\u0412\u0426-\u0423 \u041f\u0420\u0418\u0420\u0410\u0411\u041d\u0418\u0426\u0410 \u0421\u0415\u0422 \u00d8 400<\/td>\n<td align=\"center\">51.500<\/td>\n<td align=\"center\">1<\/td>\n<\/tr>\n<\/tbody>\n<\/table>\n<\/div>","protected":false},"excerpt":{"rendered":"<p>Reference Description Net weight (kg) Units box 1010261 PVC-U PLAIN FLANGE SET \u00d8 63 2.011 1 1010262 PVC-U PLAIN FLANGE SET \u00d8 75 2.361 1 1010263 PVC-U PLAIN FLANGE SET \u00d8 90 3.961 1 1010264 PVC-U PLAIN FLANGE SET \u00d8 &hellip; <a href=\"https:\/\/h2oproekt.com\/mk\/shop\/pvc-u-fitting\/pvc-u-flanges-and-adapters\/plain-flange-union-item-194\/\">Continued<\/a><\/p>","protected":false},"featured_media":1166,"comment_status":"open","ping_status":"closed","template":"","meta":[],"product_cat":[183],"product_tag":[],"yoast_head":"<!-- This site is optimized with the Yoast SEO plugin v22.1 - https:\/\/yoast.com\/wordpress\/plugins\/seo\/ -->\n<title>PVC-U PLAIN FLANGE SET - H2O Proekt<\/title>\n<meta name=\"description\" content=\"PVC-U PLAIN FLANGE SET\" \/>\n<meta name=\"robots\" content=\"index, follow, max-snippet:-1, max-image-preview:large, max-video-preview:-1\" \/>\n<link rel=\"canonical\" href=\"https:\/\/h2oproekt.com\/mk\/shop\/pvc-u-fitting\/pvc-u-flanges-and-adapters\/plain-flange-union-item-194\/\" \/>\n<meta property=\"og:locale\" content=\"mk_MK\" \/>\n<meta property=\"og:type\" content=\"article\" \/>\n<meta property=\"og:title\" content=\"PVC-U PLAIN FLANGE SET - H2O Proekt\" \/>\n<meta property=\"og:description\" content=\"PVC-U PLAIN FLANGE SET\" \/>\n<meta property=\"og:url\" content=\"https:\/\/h2oproekt.com\/mk\/shop\/pvc-u-fitting\/pvc-u-flanges-and-adapters\/plain-flange-union-item-194\/\" \/>\n<meta property=\"og:site_name\" content=\"H2O Proekt\" \/>\n<meta property=\"article:modified_time\" content=\"2022-02-16T23:54:19+00:00\" \/>\n<meta property=\"og:image\" content=\"https:\/\/h2oproekt.com\/wp-content\/uploads\/2022\/01\/1010261-1.jpg\" \/>\n\t<meta property=\"og:image:width\" content=\"800\" \/>\n\t<meta property=\"og:image:height\" content=\"600\" \/>\n\t<meta property=\"og:image:type\" content=\"image\/jpeg\" \/>\n<meta name=\"twitter:card\" content=\"summary_large_image\" \/>\n<script type=\"application\/ld+json\" class=\"yoast-schema-graph\">{\"@context\":\"https:\/\/schema.org\",\"@graph\":[{\"@type\":\"WebPage\",\"@id\":\"https:\/\/h2oproekt.com\/shop\/pvc-u-fitting\/pvc-u-flanges-and-adapters\/plain-flange-union-item-194\/\",\"url\":\"https:\/\/h2oproekt.com\/shop\/pvc-u-fitting\/pvc-u-flanges-and-adapters\/plain-flange-union-item-194\/\",\"name\":\"PVC-U PLAIN FLANGE SET - H2O Proekt\",\"isPartOf\":{\"@id\":\"https:\/\/h2oproekt.com\/#website\"},\"datePublished\":\"2022-01-17T21:42:14+00:00\",\"dateModified\":\"2022-02-16T23:54:19+00:00\",\"description\":\"PVC-U PLAIN FLANGE SET\",\"breadcrumb\":{\"@id\":\"https:\/\/h2oproekt.com\/shop\/pvc-u-fitting\/pvc-u-flanges-and-adapters\/plain-flange-union-item-194\/#breadcrumb\"},\"inLanguage\":\"mk-MK\",\"potentialAction\":[{\"@type\":\"ReadAction\",\"target\":[\"https:\/\/h2oproekt.com\/shop\/pvc-u-fitting\/pvc-u-flanges-and-adapters\/plain-flange-union-item-194\/\"]}]},{\"@type\":\"BreadcrumbList\",\"@id\":\"https:\/\/h2oproekt.com\/shop\/pvc-u-fitting\/pvc-u-flanges-and-adapters\/plain-flange-union-item-194\/#breadcrumb\",\"itemListElement\":[{\"@type\":\"ListItem\",\"position\":1,\"name\":\"H2oProekt\",\"item\":\"https:\/\/h2oproekt.com\/\"},{\"@type\":\"ListItem\",\"position\":2,\"name\":\"Products\",\"item\":\"https:\/\/h2oproekt.com\/shop\/\"},{\"@type\":\"ListItem\",\"position\":3,\"name\":\"PVC-U fitting\",\"item\":\"https:\/\/h2oproekt.com\/product-category\/pvc-u-fitting\/\"},{\"@type\":\"ListItem\",\"position\":4,\"name\":\"PVC-U flanges and adapters\",\"item\":\"https:\/\/h2oproekt.com\/product-category\/pvc-u-fitting\/pvc-u-flanges-and-adapters\/\"},{\"@type\":\"ListItem\",\"position\":5,\"name\":\"PVC-U PLAIN FLANGE SET\"}]},{\"@type\":\"WebSite\",\"@id\":\"https:\/\/h2oproekt.com\/#website\",\"url\":\"https:\/\/h2oproekt.com\/\",\"name\":\"H2O Proekt\",\"description\":\"Water system project\",\"publisher\":{\"@id\":\"https:\/\/h2oproekt.com\/#organization\"},\"potentialAction\":[{\"@type\":\"SearchAction\",\"target\":{\"@type\":\"EntryPoint\",\"urlTemplate\":\"https:\/\/h2oproekt.com\/?s={search_term_string}\"},\"query-input\":\"required name=search_term_string\"}],\"inLanguage\":\"mk-MK\"},{\"@type\":\"Organization\",\"@id\":\"https:\/\/h2oproekt.com\/#organization\",\"name\":\"H2o ProekT\",\"url\":\"https:\/\/h2oproekt.com\/\",\"logo\":{\"@type\":\"ImageObject\",\"inLanguage\":\"mk-MK\",\"@id\":\"https:\/\/h2oproekt.com\/#\/schema\/logo\/image\/\",\"url\":\"https:\/\/h2oproekt.com\/wp-content\/uploads\/2022\/01\/H2O-Logo-website-latinica-pomalo.png\",\"contentUrl\":\"https:\/\/h2oproekt.com\/wp-content\/uploads\/2022\/01\/H2O-Logo-website-latinica-pomalo.png\",\"width\":200,\"height\":200,\"caption\":\"H2o ProekT\"},\"image\":{\"@id\":\"https:\/\/h2oproekt.com\/#\/schema\/logo\/image\/\"}}]}<\/script>\n<!-- \/ Yoast SEO plugin. -->","yoast_head_json":{"title":"PVC-U PLAIN FLANGE SET - H2O Proekt","description":"PVC-U PLAIN FLANGE SET","robots":{"index":"index","follow":"follow","max-snippet":"max-snippet:-1","max-image-preview":"max-image-preview:large","max-video-preview":"max-video-preview:-1"},"canonical":"https:\/\/h2oproekt.com\/mk\/shop\/pvc-u-fitting\/pvc-u-flanges-and-adapters\/plain-flange-union-item-194\/","og_locale":"mk_MK","og_type":"article","og_title":"PVC-U PLAIN FLANGE SET - H2O Proekt","og_description":"PVC-U PLAIN FLANGE SET","og_url":"https:\/\/h2oproekt.com\/mk\/shop\/pvc-u-fitting\/pvc-u-flanges-and-adapters\/plain-flange-union-item-194\/","og_site_name":"H2O Proekt","article_modified_time":"2022-02-16T23:54:19+00:00","og_image":[{"width":800,"height":600,"url":"https:\/\/h2oproekt.com\/wp-content\/uploads\/2022\/01\/1010261-1.jpg","type":"image\/jpeg"}],"twitter_card":"summary_large_image","schema":{"@context":"https:\/\/schema.org","@graph":[{"@type":"WebPage","@id":"https:\/\/h2oproekt.com\/shop\/pvc-u-fitting\/pvc-u-flanges-and-adapters\/plain-flange-union-item-194\/","url":"https:\/\/h2oproekt.com\/shop\/pvc-u-fitting\/pvc-u-flanges-and-adapters\/plain-flange-union-item-194\/","name":"PVC-U PLAIN FLANGE SET - H2O Proekt","isPartOf":{"@id":"https:\/\/h2oproekt.com\/#website"},"datePublished":"2022-01-17T21:42:14+00:00","dateModified":"2022-02-16T23:54:19+00:00","description":"PVC-U PLAIN FLANGE SET","breadcrumb":{"@id":"https:\/\/h2oproekt.com\/shop\/pvc-u-fitting\/pvc-u-flanges-and-adapters\/plain-flange-union-item-194\/#breadcrumb"},"inLanguage":"mk-MK","potentialAction":[{"@type":"ReadAction","target":["https:\/\/h2oproekt.com\/shop\/pvc-u-fitting\/pvc-u-flanges-and-adapters\/plain-flange-union-item-194\/"]}]},{"@type":"BreadcrumbList","@id":"https:\/\/h2oproekt.com\/shop\/pvc-u-fitting\/pvc-u-flanges-and-adapters\/plain-flange-union-item-194\/#breadcrumb","itemListElement":[{"@type":"ListItem","position":1,"name":"H2oProekt","item":"https:\/\/h2oproekt.com\/"},{"@type":"ListItem","position":2,"name":"Products","item":"https:\/\/h2oproekt.com\/shop\/"},{"@type":"ListItem","position":3,"name":"PVC-U fitting","item":"https:\/\/h2oproekt.com\/product-category\/pvc-u-fitting\/"},{"@type":"ListItem","position":4,"name":"PVC-U flanges and adapters","item":"https:\/\/h2oproekt.com\/product-category\/pvc-u-fitting\/pvc-u-flanges-and-adapters\/"},{"@type":"ListItem","position":5,"name":"PVC-U PLAIN FLANGE SET"}]},{"@type":"WebSite","@id":"https:\/\/h2oproekt.com\/#website","url":"https:\/\/h2oproekt.com\/","name":"H2O Proekt","description":"Water system project","publisher":{"@id":"https:\/\/h2oproekt.com\/#organization"},"potentialAction":[{"@type":"SearchAction","target":{"@type":"EntryPoint","urlTemplate":"https:\/\/h2oproekt.com\/?s={search_term_string}"},"query-input":"required name=search_term_string"}],"inLanguage":"mk-MK"},{"@type":"Organization","@id":"https:\/\/h2oproekt.com\/#organization","name":"H2o ProekT","url":"https:\/\/h2oproekt.com\/","logo":{"@type":"ImageObject","inLanguage":"mk-MK","@id":"https:\/\/h2oproekt.com\/#\/schema\/logo\/image\/","url":"https:\/\/h2oproekt.com\/wp-content\/uploads\/2022\/01\/H2O-Logo-website-latinica-pomalo.png","contentUrl":"https:\/\/h2oproekt.com\/wp-content\/uploads\/2022\/01\/H2O-Logo-website-latinica-pomalo.png","width":200,"height":200,"caption":"H2o ProekT"},"image":{"@id":"https:\/\/h2oproekt.com\/#\/schema\/logo\/image\/"}}]}},"_links":{"self":[{"href":"https:\/\/h2oproekt.com\/mk\/wp-json\/wp\/v2\/product\/1167"}],"collection":[{"href":"https:\/\/h2oproekt.com\/mk\/wp-json\/wp\/v2\/product"}],"about":[{"href":"https:\/\/h2oproekt.com\/mk\/wp-json\/wp\/v2\/types\/product"}],"replies":[{"embeddable":true,"href":"https:\/\/h2oproekt.com\/mk\/wp-json\/wp\/v2\/comments?post=1167"}],"wp:featuredmedia":[{"embeddable":true,"href":"https:\/\/h2oproekt.com\/mk\/wp-json\/wp\/v2\/media\/1166"}],"wp:attachment":[{"href":"https:\/\/h2oproekt.com\/mk\/wp-json\/wp\/v2\/media?parent=1167"}],"wp:term":[{"taxonomy":"product_cat","embeddable":true,"href":"https:\/\/h2oproekt.com\/mk\/wp-json\/wp\/v2\/product_cat?post=1167"},{"taxonomy":"product_tag","embeddable":true,"href":"https:\/\/h2oproekt.com\/mk\/wp-json\/wp\/v2\/product_tag?post=1167"}],"curies":[{"name":"wp","href":"https:\/\/api.w.org\/{rel}","templated":true}]}}