{"id":1031,"date":"2022-01-17T21:41:42","date_gmt":"2022-01-17T21:41:42","guid":{"rendered":"https:\/\/h2oproekt.com\/product\/solvent-socket-outlet-1-item-142\/"},"modified":"2022-02-16T23:54:24","modified_gmt":"2022-02-16T23:54:24","slug":"solvent-socket-outlet-1-item-142","status":"publish","type":"product","link":"https:\/\/h2oproekt.com\/mk\/shop\/pp-fitting\/grpp-hinged-sleeves\/solvent-socket-outlet-1-item-142\/","title":{"rendered":"\u0413\u0420\u041f\u041f \u0410\u0414\u0410\u041f\u0422\u0415\u0420 \u0417\u0410 \u0426\u0415\u0412\u041a\u0410 \u043b\u0435\u043f\u0435\u045a\u0435"},"content":{"rendered":"<div class=\"table-responsive\">\n<table class=\"table table-striped\">\n<thead class=\"thead-inverse\">\n<tr>\n<th align=\"left\" width=\"95\">\u0428\u0438\u0444\u0440\u0430<\/th>\n<th>\u041e\u043f\u0438\u0441<\/th>\n<th>\u041d\u0435\u0442\u043e \u043c\u0430\u0441\u0430 (\u043a\u0433)<\/th>\n<th>\u0412\u043e \u043a\u0443\u0442\u0438\u0458\u0430<\/th>\n<\/tr>\n<\/thead>\n<tbody>\n<tr>\n<td align=\"center\">\n<tr>\n<td align=\"center\">1005500<\/td>\n<td>\u0413\u0420\u041f\u041f \u0410\u0414\u0410\u041f\u0422\u0415\u0420 \u0417\u0410 \u0426\u0415\u0412\u041a\u0410 \u00d8 160 - \u00d8 400, \u043b\u0435\u043f\u0435\u045a\u0435 \u00d8 20<\/td>\n<td align=\"center\">0.579<\/td>\n<td align=\"center\">12<\/td>\n<\/tr>\n<tr>\n<td align=\"center\">1005501<\/td>\n<td>\u0413\u0420\u041f\u041f \u0410\u0414\u0410\u041f\u0422\u0415\u0420 \u0417\u0410 \u0426\u0415\u0412\u041a\u0410 \u00d8 160 - \u00d8 400, \u043b\u0435\u043f\u0435\u045a\u0435 \u00d8 25<\/td>\n<td align=\"center\">0.570<\/td>\n<td align=\"center\">12<\/td>\n<\/tr>\n<tr>\n<td align=\"center\">1005502<\/td>\n<td>\u0413\u0420\u041f\u041f \u0410\u0414\u0410\u041f\u0422\u0415\u0420 \u0417\u0410 \u0426\u0415\u0412\u041a\u0410 \u00d8 160 - \u00d8 400, \u043b\u0435\u043f\u0435\u045a\u0435 \u00d8 32<\/td>\n<td align=\"center\">0.528<\/td>\n<td align=\"center\">12<\/td>\n<\/tr>\n<tr>\n<td align=\"center\">1005503<\/td>\n<td>\u0413\u0420\u041f\u041f \u0410\u0414\u0410\u041f\u0422\u0415\u0420 \u0417\u0410 \u0426\u0415\u0412\u041a\u0410 \u00d8 160 - \u00d8 400, \u043b\u0435\u043f\u0435\u045a\u0435 \u00d8 40<\/td>\n<td align=\"center\">0.545<\/td>\n<td align=\"center\">12<\/td>\n<\/tr>\n<tr>\n<td align=\"center\">1005504<\/td>\n<td>\u0413\u0420\u041f\u041f \u0410\u0414\u0410\u041f\u0422\u0415\u0420 \u0417\u0410 \u0426\u0415\u0412\u041a\u0410 \u00d8 160 - \u00d8 400, \u043b\u0435\u043f\u0435\u045a\u0435 \u00d8 50<\/td>\n<td align=\"center\">0.479<\/td>\n<td align=\"center\">12<\/td>\n<\/tr>\n<tr>\n<td align=\"center\">1005505<\/td>\n<td>\u0413\u0420\u041f\u041f \u0410\u0414\u0410\u041f\u0422\u0415\u0420 \u0417\u0410 \u0426\u0415\u0412\u041a\u0410 \u00d8 160 - \u00d8 400, \u043b\u0435\u043f\u0435\u045a\u0435 \u00d8 63<\/td>\n<td align=\"center\">0.492<\/td>\n<td align=\"center\">12<\/td>\n<\/tr>\n<tr>\n<td align=\"center\">1005506<\/td>\n<td>\u0413\u0420\u041f\u041f \u0410\u0414\u0410\u041f\u0422\u0415\u0420 \u0417\u0410 \u0426\u0415\u0412\u041a\u0410 \u00d8 160 - \u00d8 400, \u043b\u0435\u043f\u0435\u045a\u0435 \u00d8 75<\/td>\n<td align=\"center\">0.470<\/td>\n<td align=\"center\">12<\/td>\n<\/tr>\n<tr>\n<td align=\"center\">1005507<\/td>\n<td>\u0413\u0420\u041f\u041f \u0410\u0414\u0410\u041f\u0422\u0415\u0420 \u0417\u0410 \u0426\u0415\u0412\u041a\u0410 \u00d8 160 - \u00d8 400, \u043b\u0435\u043f\u0435\u045a\u0435 \u00d8 90<\/td>\n<td align=\"center\">0.506<\/td>\n<td align=\"center\">12<\/td>\n<\/tr>\n<tr>\n<td align=\"center\">1005508<\/td>\n<td>\u0413\u0420\u041f\u041f \u0410\u0414\u0410\u041f\u0422\u0415\u0420 \u0417\u0410 \u0426\u0415\u0412\u041a\u0410 \u00d8 160 - \u00d8 400, \u043b\u0435\u043f\u0435\u045a\u0435 \u00d8 110<\/td>\n<td align=\"center\">0.680<\/td>\n<td align=\"center\">12<\/td>\n<\/tr>\n<tr>\n<td align=\"center\">1005509<\/td>\n<td>\u0413\u0420\u041f\u041f \u0410\u0414\u0410\u041f\u0422\u0415\u0420 \u0417\u0410 \u0426\u0415\u0412\u041a\u0410 \u00d8 160 - \u00d8 400, \u043b\u0435\u043f\u0435\u045a\u0435 \u00d8 125<\/td>\n<td align=\"center\">0.541<\/td>\n<td align=\"center\">12<\/td>\n<\/tr>\n<tr>\n<td align=\"center\">1005510<\/td>\n<td>\u0413\u0420\u041f\u041f \u0410\u0414\u0410\u041f\u0422\u0415\u0420 \u0417\u0410 \u0426\u0415\u0412\u041a\u0410 \u00d8 160 - \u00d8 400, \u043b\u0435\u043f\u0435\u045a\u0435 \u00d8 140<\/td>\n<td align=\"center\">1.062<\/td>\n<td align=\"center\">12<\/td>\n<\/tr>\n<tr>\n<td align=\"center\">1005511<\/td>\n<td>\u0413\u0420\u041f\u041f \u0410\u0414\u0410\u041f\u0422\u0415\u0420 \u0417\u0410 \u0426\u0415\u0412\u041a\u0410 \u00d8 160 - \u00d8 400, \u043b\u0435\u043f\u0435\u045a\u0435 \u00d8 160<\/td>\n<td align=\"center\">1.116<\/td>\n<td align=\"center\">12<\/td>\n<\/tr>\n<\/tbody>\n<\/table>\n<\/div>","protected":false},"excerpt":{"rendered":"<p>Reference Description Net weight (kg) Units box 1005500 GRPP SOLVENT SOCKET OUTLET \u00d8 160 &#8211; \u00d8 400, outlet \u00d8 20 0.579 12 1005501 GRPP SOLVENT SOCKET OUTLET \u00d8 160 &#8211; \u00d8 400, outlet \u00d8 25 0.570 12 1005502 GRPP SOLVENT &hellip; <a href=\"https:\/\/h2oproekt.com\/mk\/shop\/pp-fitting\/grpp-hinged-sleeves\/solvent-socket-outlet-1-item-142\/\">Continued<\/a><\/p>","protected":false},"featured_media":1030,"comment_status":"open","ping_status":"closed","template":"","meta":[],"product_cat":[202],"product_tag":[],"yoast_head":"<!-- This site is optimized with the Yoast SEO plugin v22.1 - https:\/\/yoast.com\/wordpress\/plugins\/seo\/ -->\n<title>GRPP SOLVENT SOCKET OUTLET - H2O Proekt<\/title>\n<meta name=\"description\" content=\"GRPP SOLVENT SOCKET OUTLET\" \/>\n<meta name=\"robots\" content=\"index, follow, max-snippet:-1, max-image-preview:large, max-video-preview:-1\" \/>\n<link rel=\"canonical\" href=\"https:\/\/h2oproekt.com\/mk\/shop\/pp-fitting\/grpp-hinged-sleeves\/solvent-socket-outlet-1-item-142\/\" \/>\n<meta property=\"og:locale\" content=\"mk_MK\" \/>\n<meta property=\"og:type\" content=\"article\" \/>\n<meta property=\"og:title\" content=\"GRPP SOLVENT SOCKET OUTLET - H2O Proekt\" \/>\n<meta property=\"og:description\" content=\"GRPP SOLVENT SOCKET OUTLET\" \/>\n<meta property=\"og:url\" content=\"https:\/\/h2oproekt.com\/mk\/shop\/pp-fitting\/grpp-hinged-sleeves\/solvent-socket-outlet-1-item-142\/\" \/>\n<meta property=\"og:site_name\" content=\"H2O Proekt\" \/>\n<meta property=\"article:modified_time\" content=\"2022-02-16T23:54:24+00:00\" \/>\n<meta property=\"og:image\" content=\"https:\/\/h2oproekt.com\/wp-content\/uploads\/2022\/01\/1005504-1.jpg\" \/>\n\t<meta property=\"og:image:width\" content=\"800\" \/>\n\t<meta property=\"og:image:height\" content=\"600\" \/>\n\t<meta property=\"og:image:type\" content=\"image\/jpeg\" \/>\n<meta name=\"twitter:card\" content=\"summary_large_image\" \/>\n<script type=\"application\/ld+json\" class=\"yoast-schema-graph\">{\"@context\":\"https:\/\/schema.org\",\"@graph\":[{\"@type\":\"WebPage\",\"@id\":\"https:\/\/h2oproekt.com\/shop\/pp-fitting\/grpp-hinged-sleeves\/solvent-socket-outlet-1-item-142\/\",\"url\":\"https:\/\/h2oproekt.com\/shop\/pp-fitting\/grpp-hinged-sleeves\/solvent-socket-outlet-1-item-142\/\",\"name\":\"GRPP SOLVENT SOCKET OUTLET - H2O Proekt\",\"isPartOf\":{\"@id\":\"https:\/\/h2oproekt.com\/#website\"},\"datePublished\":\"2022-01-17T21:41:42+00:00\",\"dateModified\":\"2022-02-16T23:54:24+00:00\",\"description\":\"GRPP SOLVENT SOCKET OUTLET\",\"breadcrumb\":{\"@id\":\"https:\/\/h2oproekt.com\/shop\/pp-fitting\/grpp-hinged-sleeves\/solvent-socket-outlet-1-item-142\/#breadcrumb\"},\"inLanguage\":\"mk-MK\",\"potentialAction\":[{\"@type\":\"ReadAction\",\"target\":[\"https:\/\/h2oproekt.com\/shop\/pp-fitting\/grpp-hinged-sleeves\/solvent-socket-outlet-1-item-142\/\"]}]},{\"@type\":\"BreadcrumbList\",\"@id\":\"https:\/\/h2oproekt.com\/shop\/pp-fitting\/grpp-hinged-sleeves\/solvent-socket-outlet-1-item-142\/#breadcrumb\",\"itemListElement\":[{\"@type\":\"ListItem\",\"position\":1,\"name\":\"H2oProekt\",\"item\":\"https:\/\/h2oproekt.com\/\"},{\"@type\":\"ListItem\",\"position\":2,\"name\":\"Products\",\"item\":\"https:\/\/h2oproekt.com\/shop\/\"},{\"@type\":\"ListItem\",\"position\":3,\"name\":\"PP Fitting\",\"item\":\"https:\/\/h2oproekt.com\/product-category\/pp-fitting\/\"},{\"@type\":\"ListItem\",\"position\":4,\"name\":\"GRPP Hinged sleeves\",\"item\":\"https:\/\/h2oproekt.com\/product-category\/pp-fitting\/grpp-hinged-sleeves\/\"},{\"@type\":\"ListItem\",\"position\":5,\"name\":\"GRPP SOLVENT SOCKET OUTLET\"}]},{\"@type\":\"WebSite\",\"@id\":\"https:\/\/h2oproekt.com\/#website\",\"url\":\"https:\/\/h2oproekt.com\/\",\"name\":\"H2O Proekt\",\"description\":\"Water system project\",\"publisher\":{\"@id\":\"https:\/\/h2oproekt.com\/#organization\"},\"potentialAction\":[{\"@type\":\"SearchAction\",\"target\":{\"@type\":\"EntryPoint\",\"urlTemplate\":\"https:\/\/h2oproekt.com\/?s={search_term_string}\"},\"query-input\":\"required name=search_term_string\"}],\"inLanguage\":\"mk-MK\"},{\"@type\":\"Organization\",\"@id\":\"https:\/\/h2oproekt.com\/#organization\",\"name\":\"H2o ProekT\",\"url\":\"https:\/\/h2oproekt.com\/\",\"logo\":{\"@type\":\"ImageObject\",\"inLanguage\":\"mk-MK\",\"@id\":\"https:\/\/h2oproekt.com\/#\/schema\/logo\/image\/\",\"url\":\"https:\/\/h2oproekt.com\/wp-content\/uploads\/2022\/01\/H2O-Logo-website-latinica-pomalo.png\",\"contentUrl\":\"https:\/\/h2oproekt.com\/wp-content\/uploads\/2022\/01\/H2O-Logo-website-latinica-pomalo.png\",\"width\":200,\"height\":200,\"caption\":\"H2o ProekT\"},\"image\":{\"@id\":\"https:\/\/h2oproekt.com\/#\/schema\/logo\/image\/\"}}]}<\/script>\n<!-- \/ Yoast SEO plugin. -->","yoast_head_json":{"title":"GRPP SOLVENT SOCKET OUTLET - H2O Proekt","description":"GRPP SOLVENT SOCKET OUTLET","robots":{"index":"index","follow":"follow","max-snippet":"max-snippet:-1","max-image-preview":"max-image-preview:large","max-video-preview":"max-video-preview:-1"},"canonical":"https:\/\/h2oproekt.com\/mk\/shop\/pp-fitting\/grpp-hinged-sleeves\/solvent-socket-outlet-1-item-142\/","og_locale":"mk_MK","og_type":"article","og_title":"GRPP SOLVENT SOCKET OUTLET - H2O Proekt","og_description":"GRPP SOLVENT SOCKET OUTLET","og_url":"https:\/\/h2oproekt.com\/mk\/shop\/pp-fitting\/grpp-hinged-sleeves\/solvent-socket-outlet-1-item-142\/","og_site_name":"H2O Proekt","article_modified_time":"2022-02-16T23:54:24+00:00","og_image":[{"width":800,"height":600,"url":"https:\/\/h2oproekt.com\/wp-content\/uploads\/2022\/01\/1005504-1.jpg","type":"image\/jpeg"}],"twitter_card":"summary_large_image","schema":{"@context":"https:\/\/schema.org","@graph":[{"@type":"WebPage","@id":"https:\/\/h2oproekt.com\/shop\/pp-fitting\/grpp-hinged-sleeves\/solvent-socket-outlet-1-item-142\/","url":"https:\/\/h2oproekt.com\/shop\/pp-fitting\/grpp-hinged-sleeves\/solvent-socket-outlet-1-item-142\/","name":"GRPP SOLVENT SOCKET OUTLET - H2O Proekt","isPartOf":{"@id":"https:\/\/h2oproekt.com\/#website"},"datePublished":"2022-01-17T21:41:42+00:00","dateModified":"2022-02-16T23:54:24+00:00","description":"GRPP SOLVENT SOCKET OUTLET","breadcrumb":{"@id":"https:\/\/h2oproekt.com\/shop\/pp-fitting\/grpp-hinged-sleeves\/solvent-socket-outlet-1-item-142\/#breadcrumb"},"inLanguage":"mk-MK","potentialAction":[{"@type":"ReadAction","target":["https:\/\/h2oproekt.com\/shop\/pp-fitting\/grpp-hinged-sleeves\/solvent-socket-outlet-1-item-142\/"]}]},{"@type":"BreadcrumbList","@id":"https:\/\/h2oproekt.com\/shop\/pp-fitting\/grpp-hinged-sleeves\/solvent-socket-outlet-1-item-142\/#breadcrumb","itemListElement":[{"@type":"ListItem","position":1,"name":"H2oProekt","item":"https:\/\/h2oproekt.com\/"},{"@type":"ListItem","position":2,"name":"Products","item":"https:\/\/h2oproekt.com\/shop\/"},{"@type":"ListItem","position":3,"name":"PP Fitting","item":"https:\/\/h2oproekt.com\/product-category\/pp-fitting\/"},{"@type":"ListItem","position":4,"name":"GRPP Hinged sleeves","item":"https:\/\/h2oproekt.com\/product-category\/pp-fitting\/grpp-hinged-sleeves\/"},{"@type":"ListItem","position":5,"name":"GRPP SOLVENT SOCKET OUTLET"}]},{"@type":"WebSite","@id":"https:\/\/h2oproekt.com\/#website","url":"https:\/\/h2oproekt.com\/","name":"H2O Proekt","description":"Water system project","publisher":{"@id":"https:\/\/h2oproekt.com\/#organization"},"potentialAction":[{"@type":"SearchAction","target":{"@type":"EntryPoint","urlTemplate":"https:\/\/h2oproekt.com\/?s={search_term_string}"},"query-input":"required name=search_term_string"}],"inLanguage":"mk-MK"},{"@type":"Organization","@id":"https:\/\/h2oproekt.com\/#organization","name":"H2o ProekT","url":"https:\/\/h2oproekt.com\/","logo":{"@type":"ImageObject","inLanguage":"mk-MK","@id":"https:\/\/h2oproekt.com\/#\/schema\/logo\/image\/","url":"https:\/\/h2oproekt.com\/wp-content\/uploads\/2022\/01\/H2O-Logo-website-latinica-pomalo.png","contentUrl":"https:\/\/h2oproekt.com\/wp-content\/uploads\/2022\/01\/H2O-Logo-website-latinica-pomalo.png","width":200,"height":200,"caption":"H2o ProekT"},"image":{"@id":"https:\/\/h2oproekt.com\/#\/schema\/logo\/image\/"}}]}},"_links":{"self":[{"href":"https:\/\/h2oproekt.com\/mk\/wp-json\/wp\/v2\/product\/1031"}],"collection":[{"href":"https:\/\/h2oproekt.com\/mk\/wp-json\/wp\/v2\/product"}],"about":[{"href":"https:\/\/h2oproekt.com\/mk\/wp-json\/wp\/v2\/types\/product"}],"replies":[{"embeddable":true,"href":"https:\/\/h2oproekt.com\/mk\/wp-json\/wp\/v2\/comments?post=1031"}],"wp:featuredmedia":[{"embeddable":true,"href":"https:\/\/h2oproekt.com\/mk\/wp-json\/wp\/v2\/media\/1030"}],"wp:attachment":[{"href":"https:\/\/h2oproekt.com\/mk\/wp-json\/wp\/v2\/media?parent=1031"}],"wp:term":[{"taxonomy":"product_cat","embeddable":true,"href":"https:\/\/h2oproekt.com\/mk\/wp-json\/wp\/v2\/product_cat?post=1031"},{"taxonomy":"product_tag","embeddable":true,"href":"https:\/\/h2oproekt.com\/mk\/wp-json\/wp\/v2\/product_tag?post=1031"}],"curies":[{"name":"wp","href":"https:\/\/api.w.org\/{rel}","templated":true}]}}