{"id":1011,"date":"2022-01-17T21:41:36","date_gmt":"2022-01-17T21:41:36","guid":{"rendered":"https:\/\/h2oproekt.com\/product\/hinged-sleeve-solvent-socket-outlet-item-136\/"},"modified":"2022-02-17T00:06:26","modified_gmt":"2022-02-17T00:06:26","slug":"hinged-sleeve-solvent-socket-outlet-item-136","status":"publish","type":"product","link":"https:\/\/h2oproekt.com\/mk\/shop\/pp-fitting\/grpp-hinged-sleeves\/hinged-sleeve-solvent-socket-outlet-item-136\/","title":{"rendered":"\u0413\u0420\u041f\u041f \u041e\u0413\u0420\u041b\u0418\u0426\u0410  (\u0438\u0437\u043b\u0435\u0437 \u043b\u0435\u043f\u0435\u045a\u0435)"},"content":{"rendered":"<table>\n<thead class=\"\">\n<tr>\n<th align=\"\" width=\"\">\u0428\u0438\u0444\u0440\u0430<\/th>\n<th>\u041e\u043f\u0438\u0441<\/th>\n<th>\u041d\u0435\u0442\u043e \u043c\u0430\u0441\u0430 (\u043a\u0433)<\/th>\n<th>\u0412\u043e \u043a\u0443\u0442\u0438\u0458\u0430<\/th>\n<\/tr>\n<\/thead>\n<tbody>\n<tr>\n<td align=\"\"><\/td>\n<\/tr>\n<tr>\n<td align=\"\">1005350<\/td>\n<td>\u0413\u0420\u041f\u041f \u041e\u0413\u0420\u041b\u0418\u0426\u0410  (\u0438\u0437\u043b\u0435\u0437 \u043b\u0435\u043f\u0435\u045a\u0435) \u00d8 160 \u0438\u0437\u043b\u0435\u0437 \u00d8 50<\/td>\n<td align=\"\">3.186<\/td>\n<td align=\"\">2<\/td>\n<\/tr>\n<tr>\n<td align=\"\">1005351<\/td>\n<td>\u0413\u0420\u041f\u041f \u041e\u0413\u0420\u041b\u0418\u0426\u0410  (\u0438\u0437\u043b\u0435\u0437 \u043b\u0435\u043f\u0435\u045a\u0435) \u00d8 160 \u0438\u0437\u043b\u0435\u0437 \u00d8 63<\/td>\n<td align=\"\">3.251<\/td>\n<td align=\"\">2<\/td>\n<\/tr>\n<tr>\n<td align=\"\">1005352<\/td>\n<td>\u0413\u0420\u041f\u041f \u041e\u0413\u0420\u041b\u0418\u0426\u0410  (\u0438\u0437\u043b\u0435\u0437 \u043b\u0435\u043f\u0435\u045a\u0435) \u00d8 160 \u0438\u0437\u043b\u0435\u0437 \u00d8 75<\/td>\n<td align=\"\">3.256<\/td>\n<td align=\"\">2<\/td>\n<\/tr>\n<tr>\n<td align=\"\">1005353<\/td>\n<td>\u0413\u0420\u041f\u041f \u041e\u0413\u0420\u041b\u0418\u0426\u0410  (\u0438\u0437\u043b\u0435\u0437 \u043b\u0435\u043f\u0435\u045a\u0435) \u00d8 160 \u0438\u0437\u043b\u0435\u0437 \u00d8 90<\/td>\n<td align=\"\">3.264<\/td>\n<td align=\"\">2<\/td>\n<\/tr>\n<tr>\n<td align=\"\">1005354<\/td>\n<td>\u0413\u0420\u041f\u041f \u041e\u0413\u0420\u041b\u0418\u0426\u0410  (\u0438\u0437\u043b\u0435\u0437 \u043b\u0435\u043f\u0435\u045a\u0435) \u00d8 160 \u0438\u0437\u043b\u0435\u0437 \u00d8 110<\/td>\n<td align=\"\">3.391<\/td>\n<td align=\"\">2<\/td>\n<\/tr>\n<tr>\n<td align=\"\">1005355<\/td>\n<td>\u0413\u0420\u041f\u041f \u041e\u0413\u0420\u041b\u0418\u0426\u0410  (\u0438\u0437\u043b\u0435\u0437 \u043b\u0435\u043f\u0435\u045a\u0435) \u00d8 160 \u0438\u0437\u043b\u0435\u0437 \u00d8 125<\/td>\n<td align=\"\">3.271<\/td>\n<td align=\"\">2<\/td>\n<\/tr>\n<tr>\n<td align=\"\">1005405<\/td>\n<td>\u0413\u0420\u041f\u041f \u041e\u0413\u0420\u041b\u0418\u0426\u0410  (\u0438\u0437\u043b\u0435\u0437 \u043b\u0435\u043f\u0435\u045a\u0435) \u00d8 200 \u0438\u0437\u043b\u0435\u0437 \u00d8 50<\/td>\n<td align=\"\">3.293<\/td>\n<td align=\"\">2<\/td>\n<\/tr>\n<tr>\n<td align=\"\">1005406<\/td>\n<td>\u0413\u0420\u041f\u041f \u041e\u0413\u0420\u041b\u0418\u0426\u0410  (\u0438\u0437\u043b\u0435\u0437 \u043b\u0435\u043f\u0435\u045a\u0435) \u00d8 200 \u0438\u0437\u043b\u0435\u0437 \u00d8 63<\/td>\n<td align=\"\">3.288<\/td>\n<td align=\"\">2<\/td>\n<\/tr>\n<tr>\n<td align=\"\">1005407<\/td>\n<td>\u0413\u0420\u041f\u041f \u041e\u0413\u0420\u041b\u0418\u0426\u0410  (\u0438\u0437\u043b\u0435\u0437 \u043b\u0435\u043f\u0435\u045a\u0435) \u00d8 200 \u0438\u0437\u043b\u0435\u0437 \u00d8 75<\/td>\n<td align=\"\">3.211<\/td>\n<td align=\"\">2<\/td>\n<\/tr>\n<tr>\n<td align=\"\">1005408<\/td>\n<td>\u0413\u0420\u041f\u041f \u041e\u0413\u0420\u041b\u0418\u0426\u0410  (\u0438\u0437\u043b\u0435\u0437 \u043b\u0435\u043f\u0435\u045a\u0435) \u00d8 200 \u0438\u0437\u043b\u0435\u0437 \u00d8 90<\/td>\n<td align=\"\">3.256<\/td>\n<td align=\"\">2<\/td>\n<\/tr>\n<tr>\n<td align=\"\">1005409<\/td>\n<td>\u0413\u0420\u041f\u041f \u041e\u0413\u0420\u041b\u0418\u0426\u0410  (\u0438\u0437\u043b\u0435\u0437 \u043b\u0435\u043f\u0435\u045a\u0435) \u00d8 200 \u0438\u0437\u043b\u0435\u0437 \u00d8 110<\/td>\n<td align=\"\">3.391<\/td>\n<td align=\"\">2<\/td>\n<\/tr>\n<tr>\n<td align=\"\">1005410<\/td>\n<td>\u0413\u0420\u041f\u041f \u041e\u0413\u0420\u041b\u0418\u0426\u0410  (\u0438\u0437\u043b\u0435\u0437 \u043b\u0435\u043f\u0435\u045a\u0435) \u00d8 200 \u0438\u0437\u043b\u0435\u0437 \u00d8 125<\/td>\n<td align=\"\">3.321<\/td>\n<td align=\"\">2<\/td>\n<\/tr>\n<tr>\n<td align=\"\">1005020<\/td>\n<td>\u0413\u0420\u041f\u041f \u041e\u0413\u0420\u041b\u0418\u0426\u0410  (\u0438\u0437\u043b\u0435\u0437 \u043b\u0435\u043f\u0435\u045a\u0435) \u00d8 225 \u0438\u0437\u043b\u0435\u0437 \u00d8 50<\/td>\n<td align=\"\">3.608<\/td>\n<td align=\"\">2<\/td>\n<\/tr>\n<tr>\n<td align=\"\">1005021<\/td>\n<td>\u0413\u0420\u041f\u041f \u041e\u0413\u0420\u041b\u0418\u0426\u0410  (\u0438\u0437\u043b\u0435\u0437 \u043b\u0435\u043f\u0435\u045a\u0435) \u00d8 225 \u0438\u0437\u043b\u0435\u0437 \u00d8 63<\/td>\n<td align=\"\">3.586<\/td>\n<td align=\"\">2<\/td>\n<\/tr>\n<tr>\n<td align=\"\">1005022<\/td>\n<td>\u0413\u0420\u041f\u041f \u041e\u0413\u0420\u041b\u0418\u0426\u0410  (\u0438\u0437\u043b\u0435\u0437 \u043b\u0435\u043f\u0435\u045a\u0435) \u00d8 225 \u0438\u0437\u043b\u0435\u0437 \u00d8 75<\/td>\n<td align=\"\">3.531<\/td>\n<td align=\"\">2<\/td>\n<\/tr>\n<tr>\n<td align=\"\">1005023<\/td>\n<td>\u0413\u0420\u041f\u041f \u041e\u0413\u0420\u041b\u0418\u0426\u0410  (\u0438\u0437\u043b\u0435\u0437 \u043b\u0435\u043f\u0435\u045a\u0435) \u00d8 225 \u0438\u0437\u043b\u0435\u0437 \u00d8 90<\/td>\n<td align=\"\">3.606<\/td>\n<td align=\"\">2<\/td>\n<\/tr>\n<tr>\n<td align=\"\">1005024<\/td>\n<td>\u0413\u0420\u041f\u041f \u041e\u0413\u0420\u041b\u0418\u0426\u0410  (\u0438\u0437\u043b\u0435\u0437 \u043b\u0435\u043f\u0435\u045a\u0435) \u00d8 225 \u0438\u0437\u043b\u0435\u0437 \u00d8 110<\/td>\n<td align=\"\">3.781<\/td>\n<td align=\"\">2<\/td>\n<\/tr>\n<tr>\n<td align=\"\">1005013<\/td>\n<td>\u0413\u0420\u041f\u041f \u041e\u0413\u0420\u041b\u0418\u0426\u0410  (\u0438\u0437\u043b\u0435\u0437 \u043b\u0435\u043f\u0435\u045a\u0435) \u00d8 225 \u0438\u0437\u043b\u0435\u0437 \u00d8 125<\/td>\n<td align=\"\">3.628<\/td>\n<td align=\"\">2<\/td>\n<\/tr>\n<tr>\n<td align=\"\">1005001<\/td>\n<td>\u0413\u0420\u041f\u041f \u041e\u0413\u0420\u041b\u0418\u0426\u0410  (\u0438\u0437\u043b\u0435\u0437 \u043b\u0435\u043f\u0435\u045a\u0435) \u00d8 250 \u0438\u0437\u043b\u0435\u0437 \u00d8 50<\/td>\n<td align=\"\">3.943<\/td>\n<td align=\"\">2<\/td>\n<\/tr>\n<tr>\n<td align=\"\">1005002<\/td>\n<td>\u0413\u0420\u041f\u041f \u041e\u0413\u0420\u041b\u0418\u0426\u0410  (\u0438\u0437\u043b\u0435\u0437 \u043b\u0435\u043f\u0435\u045a\u0435) \u00d8 250 \u0438\u0437\u043b\u0435\u0437 \u00d8 63<\/td>\n<td align=\"\">3.447<\/td>\n<td align=\"\">2<\/td>\n<\/tr>\n<tr>\n<td align=\"\">1005003<\/td>\n<td>\u0413\u0420\u041f\u041f \u041e\u0413\u0420\u041b\u0418\u0426\u0410  (\u0438\u0437\u043b\u0435\u0437 \u043b\u0435\u043f\u0435\u045a\u0435) \u00d8 250 \u0438\u0437\u043b\u0435\u0437 \u00d8 75<\/td>\n<td align=\"\">4.008<\/td>\n<td align=\"\">2<\/td>\n<\/tr>\n<tr>\n<td align=\"\">1005004<\/td>\n<td>\u0413\u0420\u041f\u041f \u041e\u0413\u0420\u041b\u0418\u0426\u0410  (\u0438\u0437\u043b\u0435\u0437 \u043b\u0435\u043f\u0435\u045a\u0435) \u00d8 250 \u0438\u0437\u043b\u0435\u0437 \u00d8 90<\/td>\n<td align=\"\">4.038<\/td>\n<td align=\"\">2<\/td>\n<\/tr>\n<tr>\n<td align=\"\">1005006<\/td>\n<td>\u0413\u0420\u041f\u041f \u041e\u0413\u0420\u041b\u0418\u0426\u0410  (\u0438\u0437\u043b\u0435\u0437 \u043b\u0435\u043f\u0435\u045a\u0435) \u00d8 250 \u0438\u0437\u043b\u0435\u0437 \u00d8 110<\/td>\n<td align=\"\">4.168<\/td>\n<td align=\"\">2<\/td>\n<\/tr>\n<tr>\n<td align=\"\">1005005<\/td>\n<td>\u0413\u0420\u041f\u041f \u041e\u0413\u0420\u041b\u0418\u0426\u0410  (\u0438\u0437\u043b\u0435\u0437 \u043b\u0435\u043f\u0435\u045a\u0435) \u00d8 250 \u0438\u0437\u043b\u0435\u0437 \u00d8 125<\/td>\n<td align=\"\">4.058<\/td>\n<td align=\"\">2<\/td>\n<\/tr>\n<tr>\n<td align=\"\">1005007<\/td>\n<td>\u0413\u0420\u041f\u041f \u041e\u0413\u0420\u041b\u0418\u0426\u0410  (\u0438\u0437\u043b\u0435\u0437 \u043b\u0435\u043f\u0435\u045a\u0435) \u00d8 315 \u0438\u0437\u043b\u0435\u0437 \u00d8 50<\/td>\n<td align=\"\">6.259<\/td>\n<td align=\"\">1<\/td>\n<\/tr>\n<tr>\n<td align=\"\">1005008<\/td>\n<td>\u0413\u0420\u041f\u041f \u041e\u0413\u0420\u041b\u0418\u0426\u0410  (\u0438\u0437\u043b\u0435\u0437 \u043b\u0435\u043f\u0435\u045a\u0435) \u00d8 315 \u0438\u0437\u043b\u0435\u0437 \u00d8 63<\/td>\n<td align=\"\">6.688<\/td>\n<td align=\"\">1<\/td>\n<\/tr>\n<tr>\n<td align=\"\">1005009<\/td>\n<td>\u0413\u0420\u041f\u041f \u041e\u0413\u0420\u041b\u0418\u0426\u0410  (\u0438\u0437\u043b\u0435\u0437 \u043b\u0435\u043f\u0435\u045a\u0435) \u00d8 315 \u0438\u0437\u043b\u0435\u0437 \u00d8 75<\/td>\n<td align=\"\">6.483<\/td>\n<td align=\"\">1<\/td>\n<\/tr>\n<tr>\n<td align=\"\">1005010<\/td>\n<td>\u0413\u0420\u041f\u041f \u041e\u0413\u0420\u041b\u0418\u0426\u0410  (\u0438\u0437\u043b\u0435\u0437 \u043b\u0435\u043f\u0435\u045a\u0435) \u00d8 315 \u0438\u0437\u043b\u0435\u0437 \u00d8 90<\/td>\n<td align=\"\">6.433<\/td>\n<td align=\"\">1<\/td>\n<\/tr>\n<tr>\n<td align=\"\">1005011<\/td>\n<td>\u0413\u0420\u041f\u041f \u041e\u0413\u0420\u041b\u0418\u0426\u0410  (\u0438\u0437\u043b\u0435\u0437 \u043b\u0435\u043f\u0435\u045a\u0435) \u00d8 315 \u0438\u0437\u043b\u0435\u0437 \u00d8 110<\/td>\n<td align=\"\">6.571<\/td>\n<td align=\"\">1<\/td>\n<\/tr>\n<tr>\n<td align=\"\">1005012<\/td>\n<td>\u0413\u0420\u041f\u041f \u041e\u0413\u0420\u041b\u0418\u0426\u0410  (\u0438\u0437\u043b\u0435\u0437 \u043b\u0435\u043f\u0435\u045a\u0435) \u00d8 315 \u0438\u0437\u043b\u0435\u0437 \u00d8 125<\/td>\n<td align=\"\">6.405<\/td>\n<td align=\"\">1<\/td>\n<\/tr>\n<tr>\n<td align=\"\">1005478<\/td>\n<td>\u0413\u0420\u041f\u041f \u041e\u0413\u0420\u041b\u0418\u0426\u0410  (\u0438\u0437\u043b\u0435\u0437 \u043b\u0435\u043f\u0435\u045a\u0435) \u00d8 315 \u0438\u0437\u043b\u0435\u0437 \u00d8 140<\/td>\n<td align=\"\">6.130<\/td>\n<td align=\"\">1<\/td>\n<\/tr>\n<tr>\n<td align=\"\">1005479<\/td>\n<td>\u0413\u0420\u041f\u041f \u041e\u0413\u0420\u041b\u0418\u0426\u0410  (\u0438\u0437\u043b\u0435\u0437 \u043b\u0435\u043f\u0435\u045a\u0435) \u00d8 315 \u0438\u0437\u043b\u0435\u0437 \u00d8 140<\/td>\n<td align=\"\">7.145<\/td>\n<td align=\"\">1<\/td>\n<\/tr>\n<tr>\n<td align=\"\">1005465<\/td>\n<td>\u0413\u0420\u041f\u041f \u041e\u0413\u0420\u041b\u0418\u0426\u0410  (\u0438\u0437\u043b\u0435\u0437 \u043b\u0435\u043f\u0435\u045a\u0435) \u00d8 400 \u0438\u0437\u043b\u0435\u0437 \u00d8 50<\/td>\n<td align=\"\">6.511<\/td>\n<td align=\"\">1<\/td>\n<\/tr>\n<tr>\n<td align=\"\">1005466<\/td>\n<td>\u0413\u0420\u041f\u041f \u041e\u0413\u0420\u041b\u0418\u0426\u0410  (\u0438\u0437\u043b\u0435\u0437 \u043b\u0435\u043f\u0435\u045a\u0435) \u00d8 400 \u0438\u0437\u043b\u0435\u0437 \u00d8 63<\/td>\n<td align=\"\">6.824<\/td>\n<td align=\"\">1<\/td>\n<\/tr>\n<tr>\n<td align=\"\">1005467<\/td>\n<td>\u0413\u0420\u041f\u041f \u041e\u0413\u0420\u041b\u0418\u0426\u0410  (\u0438\u0437\u043b\u0435\u0437 \u043b\u0435\u043f\u0435\u045a\u0435) \u00d8 400 \u0438\u0437\u043b\u0435\u0437 \u00d8 75<\/td>\n<td align=\"\">6.800<\/td>\n<td align=\"\">1<\/td>\n<\/tr>\n<tr>\n<td align=\"\">1005468<\/td>\n<td>\u0413\u0420\u041f\u041f \u041e\u0413\u0420\u041b\u0418\u0426\u0410  (\u0438\u0437\u043b\u0435\u0437 \u043b\u0435\u043f\u0435\u045a\u0435) \u00d8 400 \u0438\u0437\u043b\u0435\u0437 \u00d8 90<\/td>\n<td align=\"\">6.701<\/td>\n<td align=\"\">1<\/td>\n<\/tr>\n<tr>\n<td align=\"\">1005469<\/td>\n<td>\u0413\u0420\u041f\u041f \u041e\u0413\u0420\u041b\u0418\u0426\u0410  (\u0438\u0437\u043b\u0435\u0437 \u043b\u0435\u043f\u0435\u045a\u0435) \u00d8 400 \u0438\u0437\u043b\u0435\u0437 \u00d8 110<\/td>\n<td align=\"\">6.846<\/td>\n<td align=\"\">1<\/td>\n<\/tr>\n<tr>\n<td align=\"\">1005470<\/td>\n<td>\u0413\u0420\u041f\u041f \u041e\u0413\u0420\u041b\u0418\u0426\u0410  (\u0438\u0437\u043b\u0435\u0437 \u043b\u0435\u043f\u0435\u045a\u0435) \u00d8 400 \u0438\u0437\u043b\u0435\u0437 \u00d8 125<\/td>\n<td align=\"\">6.801<\/td>\n<td align=\"\">1<\/td>\n<\/tr>\n<tr>\n<td align=\"\">1005471<\/td>\n<td>\u0413\u0420\u041f\u041f \u041e\u0413\u0420\u041b\u0418\u0426\u0410  (\u0438\u0437\u043b\u0435\u0437 \u043b\u0435\u043f\u0435\u045a\u0435) \u00d8 400 \u0438\u0437\u043b\u0435\u0437 \u00d8 140<\/td>\n<td align=\"\">7.300<\/td>\n<td align=\"\">1<\/td>\n<\/tr>\n<tr>\n<td align=\"\">1005472<\/td>\n<td>\u0413\u0420\u041f\u041f \u041e\u0413\u0420\u041b\u0418\u0426\u0410  (\u0438\u0437\u043b\u0435\u0437 \u043b\u0435\u043f\u0435\u045a\u0435) \u00d8 400 \u0438\u0437\u043b\u0435\u0437 \u00d8 160<\/td>\n<td align=\"\">7.512<\/td>\n<td align=\"\">1<\/td>\n<\/tr>\n<\/tbody>\n<\/table>","protected":false},"excerpt":{"rendered":"<p>Reference Description Net weight (kg) Units box 1005350 HINGED SLEEVES (solvent socket OUTLET) \u00d8 160 out \u00d8 50 3.186 2 1005351 HINGED SLEEVES (solvent socket OUTLET) \u00d8 160 out \u00d8 63 3.251 2 1005352 HINGED SLEEVES (solvent socket OUTLET) \u00d8 &hellip; <a href=\"https:\/\/h2oproekt.com\/mk\/shop\/pp-fitting\/grpp-hinged-sleeves\/hinged-sleeve-solvent-socket-outlet-item-136\/\">Continued<\/a><\/p>","protected":false},"featured_media":1010,"comment_status":"open","ping_status":"closed","template":"","meta":[],"product_cat":[202],"product_tag":[],"yoast_head":"<!-- This site is optimized with the Yoast SEO plugin v22.1 - https:\/\/yoast.com\/wordpress\/plugins\/seo\/ -->\n<title>HINGED SLEEVES (solvent socket outlet) - H2O Proekt<\/title>\n<meta name=\"description\" content=\"HINGED SLEEVES (solvent socket outlet)\" \/>\n<meta name=\"robots\" content=\"index, follow, max-snippet:-1, max-image-preview:large, max-video-preview:-1\" \/>\n<link rel=\"canonical\" href=\"https:\/\/h2oproekt.com\/mk\/shop\/pp-fitting\/grpp-hinged-sleeves\/hinged-sleeve-solvent-socket-outlet-item-136\/\" \/>\n<meta property=\"og:locale\" content=\"mk_MK\" \/>\n<meta property=\"og:type\" content=\"article\" \/>\n<meta property=\"og:title\" content=\"HINGED SLEEVES (solvent socket outlet) - H2O Proekt\" \/>\n<meta property=\"og:description\" content=\"HINGED SLEEVES (solvent socket outlet)\" \/>\n<meta property=\"og:url\" content=\"https:\/\/h2oproekt.com\/mk\/shop\/pp-fitting\/grpp-hinged-sleeves\/hinged-sleeve-solvent-socket-outlet-item-136\/\" \/>\n<meta property=\"og:site_name\" content=\"H2O Proekt\" \/>\n<meta property=\"article:modified_time\" content=\"2022-02-17T00:06:26+00:00\" \/>\n<meta property=\"og:image\" content=\"https:\/\/h2oproekt.com\/wp-content\/uploads\/2022\/01\/1005346-1.jpg\" \/>\n\t<meta property=\"og:image:width\" content=\"800\" \/>\n\t<meta property=\"og:image:height\" content=\"600\" \/>\n\t<meta property=\"og:image:type\" content=\"image\/jpeg\" \/>\n<meta name=\"twitter:card\" content=\"summary_large_image\" \/>\n<meta name=\"twitter:label1\" content=\"Est. reading time\" \/>\n\t<meta name=\"twitter:data1\" content=\"1 \u043c\u0438\u043d\u0443\u0442\u0430\" \/>\n<script type=\"application\/ld+json\" class=\"yoast-schema-graph\">{\"@context\":\"https:\/\/schema.org\",\"@graph\":[{\"@type\":\"WebPage\",\"@id\":\"https:\/\/h2oproekt.com\/shop\/pp-fitting\/grpp-hinged-sleeves\/hinged-sleeve-solvent-socket-outlet-item-136\/\",\"url\":\"https:\/\/h2oproekt.com\/shop\/pp-fitting\/grpp-hinged-sleeves\/hinged-sleeve-solvent-socket-outlet-item-136\/\",\"name\":\"HINGED SLEEVES (solvent socket outlet) - H2O Proekt\",\"isPartOf\":{\"@id\":\"https:\/\/h2oproekt.com\/#website\"},\"datePublished\":\"2022-01-17T21:41:36+00:00\",\"dateModified\":\"2022-02-17T00:06:26+00:00\",\"description\":\"HINGED SLEEVES (solvent socket outlet)\",\"breadcrumb\":{\"@id\":\"https:\/\/h2oproekt.com\/shop\/pp-fitting\/grpp-hinged-sleeves\/hinged-sleeve-solvent-socket-outlet-item-136\/#breadcrumb\"},\"inLanguage\":\"mk-MK\",\"potentialAction\":[{\"@type\":\"ReadAction\",\"target\":[\"https:\/\/h2oproekt.com\/shop\/pp-fitting\/grpp-hinged-sleeves\/hinged-sleeve-solvent-socket-outlet-item-136\/\"]}]},{\"@type\":\"BreadcrumbList\",\"@id\":\"https:\/\/h2oproekt.com\/shop\/pp-fitting\/grpp-hinged-sleeves\/hinged-sleeve-solvent-socket-outlet-item-136\/#breadcrumb\",\"itemListElement\":[{\"@type\":\"ListItem\",\"position\":1,\"name\":\"H2oProekt\",\"item\":\"https:\/\/h2oproekt.com\/\"},{\"@type\":\"ListItem\",\"position\":2,\"name\":\"Products\",\"item\":\"https:\/\/h2oproekt.com\/shop\/\"},{\"@type\":\"ListItem\",\"position\":3,\"name\":\"PP Fitting\",\"item\":\"https:\/\/h2oproekt.com\/product-category\/pp-fitting\/\"},{\"@type\":\"ListItem\",\"position\":4,\"name\":\"Hinged sleeves\",\"item\":\"https:\/\/h2oproekt.com\/product-category\/pp-fitting\/hinged-sleeves\/\"},{\"@type\":\"ListItem\",\"position\":5,\"name\":\"HINGED SLEEVES (solvent socket outlet)\"}]},{\"@type\":\"WebSite\",\"@id\":\"https:\/\/h2oproekt.com\/#website\",\"url\":\"https:\/\/h2oproekt.com\/\",\"name\":\"H2O Proekt\",\"description\":\"Water system project\",\"publisher\":{\"@id\":\"https:\/\/h2oproekt.com\/#organization\"},\"potentialAction\":[{\"@type\":\"SearchAction\",\"target\":{\"@type\":\"EntryPoint\",\"urlTemplate\":\"https:\/\/h2oproekt.com\/?s={search_term_string}\"},\"query-input\":\"required name=search_term_string\"}],\"inLanguage\":\"mk-MK\"},{\"@type\":\"Organization\",\"@id\":\"https:\/\/h2oproekt.com\/#organization\",\"name\":\"H2o ProekT\",\"url\":\"https:\/\/h2oproekt.com\/\",\"logo\":{\"@type\":\"ImageObject\",\"inLanguage\":\"mk-MK\",\"@id\":\"https:\/\/h2oproekt.com\/#\/schema\/logo\/image\/\",\"url\":\"https:\/\/h2oproekt.com\/wp-content\/uploads\/2022\/01\/H2O-Logo-website-latinica-pomalo.png\",\"contentUrl\":\"https:\/\/h2oproekt.com\/wp-content\/uploads\/2022\/01\/H2O-Logo-website-latinica-pomalo.png\",\"width\":200,\"height\":200,\"caption\":\"H2o ProekT\"},\"image\":{\"@id\":\"https:\/\/h2oproekt.com\/#\/schema\/logo\/image\/\"}}]}<\/script>\n<!-- \/ Yoast SEO plugin. -->","yoast_head_json":{"title":"HINGED SLEEVES (solvent socket outlet) - H2O Proekt","description":"HINGED SLEEVES (solvent socket outlet)","robots":{"index":"index","follow":"follow","max-snippet":"max-snippet:-1","max-image-preview":"max-image-preview:large","max-video-preview":"max-video-preview:-1"},"canonical":"https:\/\/h2oproekt.com\/mk\/shop\/pp-fitting\/grpp-hinged-sleeves\/hinged-sleeve-solvent-socket-outlet-item-136\/","og_locale":"mk_MK","og_type":"article","og_title":"HINGED SLEEVES (solvent socket outlet) - H2O Proekt","og_description":"HINGED SLEEVES (solvent socket outlet)","og_url":"https:\/\/h2oproekt.com\/mk\/shop\/pp-fitting\/grpp-hinged-sleeves\/hinged-sleeve-solvent-socket-outlet-item-136\/","og_site_name":"H2O Proekt","article_modified_time":"2022-02-17T00:06:26+00:00","og_image":[{"width":800,"height":600,"url":"https:\/\/h2oproekt.com\/wp-content\/uploads\/2022\/01\/1005346-1.jpg","type":"image\/jpeg"}],"twitter_card":"summary_large_image","twitter_misc":{"Est. reading time":"1 \u043c\u0438\u043d\u0443\u0442\u0430"},"schema":{"@context":"https:\/\/schema.org","@graph":[{"@type":"WebPage","@id":"https:\/\/h2oproekt.com\/shop\/pp-fitting\/grpp-hinged-sleeves\/hinged-sleeve-solvent-socket-outlet-item-136\/","url":"https:\/\/h2oproekt.com\/shop\/pp-fitting\/grpp-hinged-sleeves\/hinged-sleeve-solvent-socket-outlet-item-136\/","name":"HINGED SLEEVES (solvent socket outlet) - H2O Proekt","isPartOf":{"@id":"https:\/\/h2oproekt.com\/#website"},"datePublished":"2022-01-17T21:41:36+00:00","dateModified":"2022-02-17T00:06:26+00:00","description":"HINGED SLEEVES (solvent socket outlet)","breadcrumb":{"@id":"https:\/\/h2oproekt.com\/shop\/pp-fitting\/grpp-hinged-sleeves\/hinged-sleeve-solvent-socket-outlet-item-136\/#breadcrumb"},"inLanguage":"mk-MK","potentialAction":[{"@type":"ReadAction","target":["https:\/\/h2oproekt.com\/shop\/pp-fitting\/grpp-hinged-sleeves\/hinged-sleeve-solvent-socket-outlet-item-136\/"]}]},{"@type":"BreadcrumbList","@id":"https:\/\/h2oproekt.com\/shop\/pp-fitting\/grpp-hinged-sleeves\/hinged-sleeve-solvent-socket-outlet-item-136\/#breadcrumb","itemListElement":[{"@type":"ListItem","position":1,"name":"H2oProekt","item":"https:\/\/h2oproekt.com\/"},{"@type":"ListItem","position":2,"name":"Products","item":"https:\/\/h2oproekt.com\/shop\/"},{"@type":"ListItem","position":3,"name":"PP Fitting","item":"https:\/\/h2oproekt.com\/product-category\/pp-fitting\/"},{"@type":"ListItem","position":4,"name":"Hinged sleeves","item":"https:\/\/h2oproekt.com\/product-category\/pp-fitting\/hinged-sleeves\/"},{"@type":"ListItem","position":5,"name":"HINGED SLEEVES (solvent socket outlet)"}]},{"@type":"WebSite","@id":"https:\/\/h2oproekt.com\/#website","url":"https:\/\/h2oproekt.com\/","name":"H2O Proekt","description":"Water system project","publisher":{"@id":"https:\/\/h2oproekt.com\/#organization"},"potentialAction":[{"@type":"SearchAction","target":{"@type":"EntryPoint","urlTemplate":"https:\/\/h2oproekt.com\/?s={search_term_string}"},"query-input":"required name=search_term_string"}],"inLanguage":"mk-MK"},{"@type":"Organization","@id":"https:\/\/h2oproekt.com\/#organization","name":"H2o ProekT","url":"https:\/\/h2oproekt.com\/","logo":{"@type":"ImageObject","inLanguage":"mk-MK","@id":"https:\/\/h2oproekt.com\/#\/schema\/logo\/image\/","url":"https:\/\/h2oproekt.com\/wp-content\/uploads\/2022\/01\/H2O-Logo-website-latinica-pomalo.png","contentUrl":"https:\/\/h2oproekt.com\/wp-content\/uploads\/2022\/01\/H2O-Logo-website-latinica-pomalo.png","width":200,"height":200,"caption":"H2o ProekT"},"image":{"@id":"https:\/\/h2oproekt.com\/#\/schema\/logo\/image\/"}}]}},"_links":{"self":[{"href":"https:\/\/h2oproekt.com\/mk\/wp-json\/wp\/v2\/product\/1011"}],"collection":[{"href":"https:\/\/h2oproekt.com\/mk\/wp-json\/wp\/v2\/product"}],"about":[{"href":"https:\/\/h2oproekt.com\/mk\/wp-json\/wp\/v2\/types\/product"}],"replies":[{"embeddable":true,"href":"https:\/\/h2oproekt.com\/mk\/wp-json\/wp\/v2\/comments?post=1011"}],"wp:featuredmedia":[{"embeddable":true,"href":"https:\/\/h2oproekt.com\/mk\/wp-json\/wp\/v2\/media\/1010"}],"wp:attachment":[{"href":"https:\/\/h2oproekt.com\/mk\/wp-json\/wp\/v2\/media?parent=1011"}],"wp:term":[{"taxonomy":"product_cat","embeddable":true,"href":"https:\/\/h2oproekt.com\/mk\/wp-json\/wp\/v2\/product_cat?post=1011"},{"taxonomy":"product_tag","embeddable":true,"href":"https:\/\/h2oproekt.com\/mk\/wp-json\/wp\/v2\/product_tag?post=1011"}],"curies":[{"name":"wp","href":"https:\/\/api.w.org\/{rel}","templated":true}]}}